{"id":216,"date":"2025-02-09T13:03:16","date_gmt":"2025-02-09T13:03:16","guid":{"rendered":"https:\/\/atlanticexpats.com\/?page_id=216"},"modified":"2025-02-25T08:00:36","modified_gmt":"2025-02-25T08:00:36","slug":"communities","status":"publish","type":"page","link":"https:\/\/atlanticexpats.com\/fr\/communities\/","title":{"rendered":"Communaut\u00e9s"},"content":{"rendered":"<div class=\"wp-block-group has-background has-global-padding is-layout-constrained wp-block-group-is-layout-constrained\" style=\"background-color:#f9f9f9;padding-top:var(--wp--preset--spacing--medium);padding-bottom:var(--wp--preset--spacing--medium)\">\n    \n    <h1 class=\"wp-block-heading has-text-align-center\" style=\"font-weight:600\">Nos Communaut\u00e9s<\/h1>\n    \n\n    \n    <p class=\"has-text-align-center\" style=\"font-size:clamp(14px, 0.875rem + ((1vw - 3.2px) * 0.354), 18px);\">D\u00e9couvrez le caract\u00e8re unique et le charme des diff\u00e9rentes villes de Hampton Roads<\/p>\n    \n<\/div>\n\n\n\n<div class=\"wp-block-group community-grid has-global-padding is-layout-constrained wp-block-group-is-layout-constrained\">\n    \n    <div class=\"wp-block-columns is-layout-flex wp-container-core-columns-is-layout-1 wp-block-columns-is-layout-flex\">\n        \n        <div class=\"wp-block-column community-card is-layout-flow wp-block-column-is-layout-flow\">\n            \n            <h2 class=\"wp-block-heading community-title\">Norfolk<\/h2>\n            \n\n            \n            <p class=\"community-subtitle\">Le C\u0153ur de Hampton Roads<\/p>\n            \n\n            \n            <figure class=\"wp-block-image size-full community-image\"><img loading=\"lazy\" decoding=\"async\" width=\"800\" height=\"600\" src=\"https:\/\/atlanticexpats.com\/wp-content\/uploads\/2025\/02\/Norfolk.jpg\" alt=\"Norfolk waterfront view\" class=\"wp-image-246\" srcset=\"https:\/\/atlanticexpats.com\/wp-content\/uploads\/2025\/02\/Norfolk.jpg 800w, https:\/\/atlanticexpats.com\/wp-content\/uploads\/2025\/02\/Norfolk-300x225.jpg 300w, https:\/\/atlanticexpats.com\/wp-content\/uploads\/2025\/02\/Norfolk-16x12.jpg 16w\" sizes=\"auto, (max-width: 800px) 100vw, 800px\" \/><\/figure>\n            \n\n            \n            <p>Le co\u00fbt de la vie \u00e0 Norfolk est inf\u00e9rieur \u00e0 la moyenne nationale, ce qui en fait un endroit attrayant o\u00f9 s'installer. Le logement, l'alimentation et les transports restent abordables tandis que les r\u00e9sidents profitent d'une sc\u00e8ne artistique et de divertissement florissante. Les points forts incluent le Festival des Arts de Virginie, le Festival de l'OTAN et le Mus\u00e9e d'Art Chrysler, aux c\u00f4t\u00e9s de th\u00e9\u00e2tres, mus\u00e9es et \u00e9v\u00e9nements culturels tout au long de l'ann\u00e9e. Les amateurs de gastronomie appr\u00e9cieront la sc\u00e8ne culinaire vari\u00e9e de la ville, des fruits de mer frais \u00e0 la cuisine r\u00e9confortante du Sud, en passant par un mouvement de bi\u00e8re artisanale en plein essor.<\/p>\n            \n\n            \n            <p>Surnomm\u00e9e la Ville des Sir\u00e8nes, Norfolk est une destination c\u00f4ti\u00e8re dynamique avec une population d'environ 250 000 habitants. Impr\u00e9gn\u00e9e d'histoire et riche en culture, elle abrite la plus grande base navale du monde et un port commercial majeur, offrant des liens solides avec les industries militaires et maritimes.<\/p>\n            \n\n            \n            <p>Pour ceux attir\u00e9s par l'eau, Ocean View offre des kilom\u00e8tres de rivage gratuit et accessible le long de la baie de Chesapeake, proposant un mode de vie c\u00f4tier d\u00e9tendu \u00e0 quelques minutes du centre-ville. Avec son m\u00e9lange d'histoire, d'arts, d'abordabilit\u00e9 et de vie au bord de l'eau, Norfolk est un endroit id\u00e9al pour vivre, travailler et explorer.<\/p>\n            \n        <\/div>\n        \n\n        \n        <div class=\"wp-block-column community-card is-layout-flow wp-block-column-is-layout-flow\">\n            \n            <h2 class=\"wp-block-heading community-title\">Virginia Beach<\/h2>\n            \n\n            \n            <p class=\"community-subtitle\">O\u00f9 la Vie C\u00f4ti\u00e8re Rencontre la Communaut\u00e9<\/p>\n            \n\n            \n            <figure class=\"wp-block-image size-full community-image\"><img loading=\"lazy\" decoding=\"async\" width=\"800\" height=\"600\" src=\"https:\/\/atlanticexpats.com\/wp-content\/uploads\/2025\/02\/Virginia-Beach.jpg\" alt=\"Virginia Beach oceanfront\" class=\"wp-image-245\" srcset=\"https:\/\/atlanticexpats.com\/wp-content\/uploads\/2025\/02\/Virginia-Beach.jpg 800w, https:\/\/atlanticexpats.com\/wp-content\/uploads\/2025\/02\/Virginia-Beach-300x225.jpg 300w, https:\/\/atlanticexpats.com\/wp-content\/uploads\/2025\/02\/Virginia-Beach-16x12.jpg 16w\" sizes=\"auto, (max-width: 800px) 100vw, 800px\" \/><\/figure>\n            \n\n            \n            <p>Virginia Beach abrite certaines des meilleures plages de la c\u00f4te Est, offrant quelque chose pour tout le monde. Les plages de l'oc\u00e9an Atlantique, accessibles via la promenade anim\u00e9e, Sandbridge et NAS Dam Neck, sont parfaites pour le surf, la natation et les sorties en famille. Pour une escapade plus tranquille, la baie de Chesapeake et Chix Beach offrent des eaux calmes, id\u00e9ales pour les familles avec de jeunes enfants et ceux qui recherchent une atmosph\u00e8re plus d\u00e9tendue.<\/p>\n            \n\n            \n            <p>Au-del\u00e0 du littoral, Virginia Beach est un excellent endroit o\u00f9 s'installer. Les \u00e9coles publiques de Virginia Beach se classent au 7e rang en Virginie (Niche.com) avec une note A, comptant 11 lyc\u00e9es, 15 coll\u00e8ges et 56 \u00e9coles primaires - un atout majeur pour les familles et une valorisation pour l'immobilier.<\/p>\n            \n\n            \n            <p>Les amateurs de plein air adoreront les parcs, les terrains de sport et les voies navigables pittoresques de la ville. Des joyaux locaux comme le parc Munden Point offrent des activit\u00e9s nautiques, des aires de jeux et des espaces de pique-nique, tandis que l'amphith\u00e9\u00e2tre Veterans United Home Loans accueille des spectacles de premier ordre toute l'ann\u00e9e.<\/p>\n            \n\n            \n            <p>Avec ses c\u00f4tes magnifiques, ses excellentes \u00e9coles et sa communaut\u00e9 dynamique, Virginia Beach est l'endroit parfait pour vivre, travailler et se divertir.<\/p>\n            \n        <\/div>\n        \n    <\/div>\n    \n\n    \n    <div style=\"height:40px\" aria-hidden=\"true\" class=\"wp-block-spacer\"><\/div>\n    \n\n    \n    <div class=\"wp-block-columns is-layout-flex wp-container-core-columns-is-layout-2 wp-block-columns-is-layout-flex\">\n        \n        <div class=\"wp-block-column community-card is-layout-flow wp-block-column-is-layout-flow\">\n            \n            <h2 class=\"wp-block-heading community-title\">Chesapeake<\/h2>\n            \n\n            \n            <p class=\"community-subtitle\">O\u00f9 la Nature et la Communaut\u00e9 Prosp\u00e8rent<\/p>\n            \n\n            \n            <figure class=\"wp-block-image size-full community-image\"><img loading=\"lazy\" decoding=\"async\" width=\"800\" height=\"600\" src=\"https:\/\/atlanticexpats.com\/wp-content\/uploads\/2025\/02\/Chesapeake.jpg\" alt=\"Chesapeake waterway scenery\" class=\"wp-image-247\" srcset=\"https:\/\/atlanticexpats.com\/wp-content\/uploads\/2025\/02\/Chesapeake.jpg 800w, https:\/\/atlanticexpats.com\/wp-content\/uploads\/2025\/02\/Chesapeake-300x225.jpg 300w, https:\/\/atlanticexpats.com\/wp-content\/uploads\/2025\/02\/Chesapeake-16x12.jpg 16w\" sizes=\"auto, (max-width: 800px) 100vw, 800px\" \/><\/figure>\n            \n\n            \n            <p>Chesapeake est une ville familiale connue pour ses vastes espaces verts, ses voies navigables pittoresques et ses \u00e9v\u00e9nements culturellement diversifi\u00e9s. Reconnue par <em>Money Magazine<\/em> comme l'une des six meilleures villes o\u00f9 vivre, Chesapeake offre l'\u00e9quilibre parfait entre commodit\u00e9s urbaines et charme rural.<\/p>\n            \n\n            \n            <h3 class=\"wp-block-heading highlight-heading\">Outdoor Adventures &#038; Parks<\/h3>\n            \n\n            \n            <p>Chesapeake est un paradis pour les amateurs de plein air, avec des parcs et des zones r\u00e9cr\u00e9atives pour tous les int\u00e9r\u00eats :<\/p>\n            \n\n            \n            <ul class=\"wp-block-list feature-list\">\n                <li>Parc des \u00c9cluses de Great Bridge \u2013 D\u00e9couvrez le syst\u00e8me d'\u00e9cluses historique tout en profitant de vues panoramiques sur le front de mer.<\/li>\n                <li>Elizabeth River Park \u2013 A favorite for boating, fishing, and family fun, complete with a kids&#8217; play area and boat ramp.<\/li>\n                <li>Parc de la Rivi\u00e8re Northwest \u2013 Parfait pour la p\u00eache, la navigation, le camping et m\u00eame l'\u00e9quitation.<\/li>\n                <li>Parc Oak Grove \u2013 Propose un sentier panoramique de 2,4 km autour d'un lac, avec des stations d'exercice pour la marche, le v\u00e9lo et les entra\u00eenements.<\/li>\n            <\/ul>\n            \n\n            \n            <p>Si vous d\u00e9m\u00e9nagez \u00e0 Hampton Roads, Chesapeake se distingue comme l'un des endroits les plus d\u00e9sirables pour vivre, offrant des communaut\u00e9s orient\u00e9es vers la famille, d'abondantes activit\u00e9s de plein air et un mode de vie dynamique\u2014l'endroit id\u00e9al pour s'installer.<\/p>\n            \n        <\/div>\n        \n\n        \n        <div class=\"wp-block-column community-card is-layout-flow wp-block-column-is-layout-flow\">\n            \n            <h2 class=\"wp-block-heading community-title\">Hampton<\/h2>\n            \n\n            \n            <p class=\"community-subtitle\">O\u00f9 l'Histoire Rencontre la Vie C\u00f4ti\u00e8re<\/p>\n            \n\n            \n            <figure class=\"wp-block-image size-full community-image\"><img loading=\"lazy\" decoding=\"async\" width=\"800\" height=\"600\" src=\"https:\/\/atlanticexpats.com\/wp-content\/uploads\/2025\/02\/Hampton.jpg\" alt=\"Hampton waterfront scene\" class=\"wp-image-248\" srcset=\"https:\/\/atlanticexpats.com\/wp-content\/uploads\/2025\/02\/Hampton.jpg 800w, https:\/\/atlanticexpats.com\/wp-content\/uploads\/2025\/02\/Hampton-300x225.jpg 300w, https:\/\/atlanticexpats.com\/wp-content\/uploads\/2025\/02\/Hampton-16x12.jpg 16w\" sizes=\"auto, (max-width: 800px) 100vw, 800px\" \/><\/figure>\n            \n\n            \n            <p>Situ\u00e9e dans le sud-est de la Virginie, Hampton est l'une des plus anciennes villes des \u00c9tats-Unis et une partie essentielle de la r\u00e9gion m\u00e9tropolitaine de Hampton Roads, aux c\u00f4t\u00e9s de Norfolk, Virginia Beach et Chesapeake. Alliant charme historique et commodit\u00e9s modernes, Hampton offre des vues sur le front de mer, une forte pr\u00e9sence militaire et un m\u00e9lange de modes de vie suburbains et urbains.<\/p>\n            \n\n            \n            <p>La diversit\u00e9 de la ville est l'une de ses plus grandes forces, refl\u00e9t\u00e9e dans ses festivals dynamiques, ses \u00e9v\u00e9nements culturels et une vari\u00e9t\u00e9 d'options de restauration et de shopping. Que vous soyez passionn\u00e9 d'histoire, amateur de plein air ou fan des arts, Hampton a quelque chose pour vous :<\/p>\n            \n\n            \n            <ul class=\"wp-block-list feature-list\">\n                <li>Aventures en Plein Air \u2013 Profitez de la navigation, de la p\u00eache et de la d\u00e9tente \u00e0 la plage de Buckroe le long de la baie de Chesapeake.<\/li>\n                <li>Sites Historiques \u2013 Remontez dans le temps au Mus\u00e9e d'Histoire de Hampton et au Fort Monroe, riches en histoires du pass\u00e9.<\/li>\n                <li>Arts &amp; Divertissement \u2013 Assistez \u00e0 des spectacles en direct au Th\u00e9\u00e2tre American \u00e0 Phoebus ou explorez les boutiques, restaurants et divertissements au Peninsula Town Center.<\/li>\n            <\/ul>\n            \n\n            \n            <p>Avec son histoire profond\u00e9ment enracin\u00e9e, son front de mer pittoresque et sa sc\u00e8ne culturelle florissante, Hampton est une ville qui offre vraiment le meilleur des deux mondes.<\/p>\n            \n        <\/div>\n        \n    <\/div>\n    \n\n    \n    <div style=\"height:40px\" aria-hidden=\"true\" class=\"wp-block-spacer\"><\/div>\n    \n\n    \n    <div class=\"wp-block-columns is-layout-flex wp-container-core-columns-is-layout-3 wp-block-columns-is-layout-flex\">\n        \n        <div class=\"wp-block-column community-card is-layout-flow wp-block-column-is-layout-flow\">\n            \n            <h2 class=\"wp-block-heading community-title\">Newport News<\/h2>\n            \n\n            \n            <p class=\"community-subtitle\">Un M\u00e9lange d'Histoire, de Nature et de Commodit\u00e9<\/p>\n            \n\n            \n            <figure class=\"wp-block-image size-full community-image\"><img loading=\"lazy\" decoding=\"async\" width=\"800\" height=\"600\" src=\"https:\/\/atlanticexpats.com\/wp-content\/uploads\/2025\/02\/Newport-News-photo.jpg\" alt=\"Newport News marina\" class=\"wp-image-249\" srcset=\"https:\/\/atlanticexpats.com\/wp-content\/uploads\/2025\/02\/Newport-News-photo.jpg 800w, https:\/\/atlanticexpats.com\/wp-content\/uploads\/2025\/02\/Newport-News-photo-300x225.jpg 300w, https:\/\/atlanticexpats.com\/wp-content\/uploads\/2025\/02\/Newport-News-photo-16x12.jpg 16w\" sizes=\"auto, (max-width: 800px) 100vw, 800px\" \/><\/figure>\n            \n\n            \n            <p>Situ\u00e9e au c\u0153ur de la Virginie c\u00f4ti\u00e8re, Newport News combine une riche histoire, une beaut\u00e9 pittoresque et un emplacement privil\u00e9gi\u00e9 sur le port de Hampton Roads. \u00c0 quelques minutes de Williamsburg et Hampton, avec un acc\u00e8s facile \u00e0 Virginia Beach et l'oc\u00e9an Atlantique, Newport News offre le meilleur des deux mondes.<\/p>\n            \n\n            \n            <p>Les amateurs d'histoire trouveront beaucoup \u00e0 explorer, du Centre USS Monitor aux sites de batailles historiques et aux artefacts de la Guerre d'Ind\u00e9pendance et de la Guerre Civile. Pour ceux qui aiment le plein air, la ville offre une vari\u00e9t\u00e9 de parcs pittoresques, id\u00e9aux pour la randonn\u00e9e, la p\u00eache, le camping et le golf, ainsi que des activit\u00e9s li\u00e9es \u00e0 la faune et \u00e0 la nature.<\/p>\n            \n\n            \n            <p>Newport News abrite la Base Commune Langley-Eustis et l'Universit\u00e9 Christopher Newport, en faisant un centre d'opportunit\u00e9s militaires et \u00e9ducatives. En tant que partenaire certifi\u00e9 Virginia Green, la ville est d\u00e9di\u00e9e au d\u00e9veloppement durable, d\u00e9fendant le tourisme vert et la responsabilit\u00e9 environnementale.<\/p>\n            \n\n            \n            <p>Avec son charme historique, sa beaut\u00e9 naturelle et son engagement envers le d\u00e9veloppement durable, Newport News est une communaut\u00e9 prosp\u00e8re qui offre quelque chose pour tous.<\/p>\n            \n        <\/div>\n        \n\n        \n        <div class=\"wp-block-column community-card is-layout-flow wp-block-column-is-layout-flow\">\n            \n            <h2 class=\"wp-block-heading community-title\">Portsmouth<\/h2>\n            \n\n            \n            <p class=\"community-subtitle\">O\u00f9 l'Histoire, la Culture et l'Accessibilit\u00e9 se Rencontrent<\/p>\n            \n\n            \n            <figure class=\"wp-block-image size-full community-image\"><img loading=\"lazy\" decoding=\"async\" width=\"800\" height=\"600\" src=\"https:\/\/atlanticexpats.com\/wp-content\/uploads\/2025\/02\/Portsmouth.jpg\" alt=\"Portsmouth historic district\" class=\"wp-image-250\" srcset=\"https:\/\/atlanticexpats.com\/wp-content\/uploads\/2025\/02\/Portsmouth.jpg 800w, https:\/\/atlanticexpats.com\/wp-content\/uploads\/2025\/02\/Portsmouth-300x225.jpg 300w, https:\/\/atlanticexpats.com\/wp-content\/uploads\/2025\/02\/Portsmouth-16x12.jpg 16w\" sizes=\"auto, (max-width: 800px) 100vw, 800px\" \/><\/figure>\n            \n\n            \n            <p>Avec une population d'un peu moins de 100 000 habitants, Portsmouth offre un m\u00e9lange unique d'histoire, de culture et d'accessibilit\u00e9 financi\u00e8re. Impr\u00e9gn\u00e9e d'h\u00e9ritage colonial, la ville poss\u00e8de des sites remarquables comme le Chantier Naval et le District Historique d'Olde Towne, tout en embrassant l'art et la culture modernes \u00e0 travers des festivals annuels et des expositions artistiques.<\/p>\n            \n\n            \n            <p>La beaut\u00e9 naturelle de Portsmouth est un autre point fort, avec des fronts de mer pittoresques et des parcs comme le Parc Municipal de Portsmouth et la R\u00e9serve Naturelle de Hoffler Creek, id\u00e9aux pour la randonn\u00e9e, l'observation des oiseaux et les sports nautiques.<\/p>\n            \n\n            \n            <p>L'un des plus grands avantages de Portsmouth est son accessibilit\u00e9 financi\u00e8re. Avec des co\u00fbts de logement inf\u00e9rieurs \u00e0 ceux des villes voisines de la r\u00e9gion de Hampton Roads, elle offre une gamme d'options adapt\u00e9es \u00e0 tous les budgets.<\/p>\n            \n\n            \n            <p>Avec son charme historique, sa vivacit\u00e9 culturelle et sa beaut\u00e9 naturelle, Portsmouth est \u00e0 la fois un endroit attrayant et pratique o\u00f9 s'installer.<\/p>\n            \n        <\/div>\n        \n    <\/div>\n    \n\n    \n    <div style=\"height:40px\" aria-hidden=\"true\" class=\"wp-block-spacer\"><\/div>\n    \n\n    \n    <div class=\"wp-block-columns is-layout-flex wp-container-core-columns-is-layout-4 wp-block-columns-is-layout-flex\">\n        \n        <div class=\"wp-block-column community-card is-layout-flow wp-block-column-is-layout-flow\">\n            \n            <h2 class=\"wp-block-heading community-title\">Williamsburg<\/h2>\n            \n\n            \n            <p class=\"community-subtitle\">Un M\u00e9lange Parfait d'Histoire, de Beaut\u00e9 et de Vie Moderne<\/p>\n            \n\n            \n            <figure class=\"wp-block-image size-full community-image\"><img loading=\"lazy\" decoding=\"async\" width=\"800\" height=\"600\" src=\"https:\/\/atlanticexpats.com\/wp-content\/uploads\/2025\/02\/Williamsburg-photo.jpg\" alt=\"Historic Williamsburg colonial buildings\" class=\"wp-image-251\" srcset=\"https:\/\/atlanticexpats.com\/wp-content\/uploads\/2025\/02\/Williamsburg-photo.jpg 800w, https:\/\/atlanticexpats.com\/wp-content\/uploads\/2025\/02\/Williamsburg-photo-300x225.jpg 300w, https:\/\/atlanticexpats.com\/wp-content\/uploads\/2025\/02\/Williamsburg-photo-16x12.jpg 16w\" sizes=\"auto, (max-width: 800px) 100vw, 800px\" \/><\/figure>\n            \n\n            \n            <p>La r\u00e9gion de Williamsburg s'\u00e9tend sur la ville de Williamsburg, le comt\u00e9 de James City et le comt\u00e9 de York, offrant un m\u00e9lange unique d'histoire, de beaut\u00e9 pittoresque et de commodit\u00e9s modernes. La Zone Historique pr\u00e9serve 122 hectares avec des b\u00e2timents originaux du 18e si\u00e8cle et des reconstructions, offrant un aper\u00e7u fascinant de la vie coloniale.<\/p>\n            \n\n            \n            <p>Avec son climat temp\u00e9r\u00e9, ses faibles taux de criminalit\u00e9 et ses \u00e9coles publiques tr\u00e8s bien not\u00e9es, Williamsburg offre une qualit\u00e9 de vie exceptionnelle. Le comt\u00e9 de York a \u00e9t\u00e9 reconnu comme l'un des 100 meilleurs endroits o\u00f9 vivre en Am\u00e9rique, gr\u00e2ce \u00e0 ses 320 kilom\u00e8tres de c\u00f4tes pittoresques, ses nombreuses possibilit\u00e9s de loisirs et son environnement familial.<\/p>\n            \n\n            \n            <p>Les r\u00e9sidents profitent d'un acc\u00e8s facile aux marinas, aux espaces verts et aux zones commerciales et de restauration florissantes comme Riverwalk Landing et le Corridor Lightfoot. Avec ses racines historiques charmantes, sa beaut\u00e9 naturelle et sa communaut\u00e9 dynamique, Williamsburg est un endroit magnifique et \u00e9panouissant pour vivre, travailler et se divertir.<\/p>\n            \n        <\/div>\n        \n\n        \n        <div class=\"wp-block-column community-card is-layout-flow wp-block-column-is-layout-flow\">\n            \n            <h2 class=\"wp-block-heading community-title\">Suffolk<\/h2>\n            \n\n            \n            <p class=\"community-subtitle\">Le Charme d'une Petite Ville avec les Avantages d'une Grande Ville<\/p>\n            \n\n            \n            <figure class=\"wp-block-image size-full community-image\"><img loading=\"lazy\" decoding=\"async\" width=\"800\" height=\"600\" src=\"https:\/\/atlanticexpats.com\/wp-content\/uploads\/2025\/02\/Suffok-photo.jpg\" alt=\"Suffolk downtown area\" class=\"wp-image-252\" srcset=\"https:\/\/atlanticexpats.com\/wp-content\/uploads\/2025\/02\/Suffok-photo.jpg 800w, https:\/\/atlanticexpats.com\/wp-content\/uploads\/2025\/02\/Suffok-photo-300x225.jpg 300w, https:\/\/atlanticexpats.com\/wp-content\/uploads\/2025\/02\/Suffok-photo-16x12.jpg 16w\" sizes=\"auto, (max-width: 800px) 100vw, 800px\" \/><\/figure>\n            \n\n            \n            <p>Suffolk combine le charme d'une petite ville avec les commodit\u00e9s modernes. Fond\u00e9e en 1742, c'est l'une des plus anciennes villes de Virginie, riche en histoire et dot\u00e9e d'un centre-ville magnifiquement pr\u00e9serv\u00e9, avec des liens profonds avec la marque embl\u00e9matique Planters Peanuts.<\/p>\n            \n\n            \n            <p>S'\u00e9tendant sur plus de 1000 kilom\u00e8tres carr\u00e9s, Suffolk est la plus grande ville de Virginie en superficie, offrant des paysages divers, des centres urbains aux terres agricoles rurales en passant par des merveilles naturelles comme le Refuge Faunique National du Great Dismal Swamp\u2014un paradis pour la randonn\u00e9e, l'observation des oiseaux et la navigation.<\/p>\n            \n\n            \n            <p>Les opportunit\u00e9s de loisirs sont nombreuses, avec des parcs, des terrains de golf et des endroits familiaux comme le parc Bennett's Creek. De plus, l'emplacement pratique de Suffolk place les rivi\u00e8res, les plages et la baie de Chesapeake \u00e0 quelques minutes en voiture, parfait pour les amateurs de plein air.<\/p>\n            \n\n            \n            <p>Avec son co\u00fbt de la vie abordable, sa riche histoire et sa communaut\u00e9 accueillante, Suffolk est un endroit o\u00f9 l'on peut vraiment se sentir chez soi.<\/p>\n            \n        <\/div>\n        \n    <\/div>\n    \n<\/div>","protected":false},"excerpt":{"rendered":"<p>Our Communities Discover the unique character and charm of Hampton Roads&#8217; diverse cities Norfolk The Heart of Hampton Roads Norfolk&#8217;s cost of living is below the national average, making it an attractive place to call home. Housing, groceries, and transportation remain affordable while residents enjoy a thriving arts and entertainment scene. Highlights include the Virginia &hellip; <\/p>\n<p class=\"link-more\"><a href=\"https:\/\/atlanticexpats.com\/fr\/communities\/\" class=\"more-link\">Lire la suite de<span class=\"screen-reader-text\">\u00ab\u00a0Communities\u00a0\u00bb<\/span><\/a><\/p>","protected":false},"author":3,"featured_media":0,"parent":0,"menu_order":0,"comment_status":"closed","ping_status":"closed","template":"page-templates\/no-title.php","meta":{"inspiro_hide_title":false,"footnotes":""},"class_list":["post-216","page","type-page","status-publish","hentry"],"aioseo_notices":[],"_links":{"self":[{"href":"https:\/\/atlanticexpats.com\/fr\/wp-json\/wp\/v2\/pages\/216","targetHints":{"allow":["GET"]}}],"collection":[{"href":"https:\/\/atlanticexpats.com\/fr\/wp-json\/wp\/v2\/pages"}],"about":[{"href":"https:\/\/atlanticexpats.com\/fr\/wp-json\/wp\/v2\/types\/page"}],"author":[{"embeddable":true,"href":"https:\/\/atlanticexpats.com\/fr\/wp-json\/wp\/v2\/users\/3"}],"replies":[{"embeddable":true,"href":"https:\/\/atlanticexpats.com\/fr\/wp-json\/wp\/v2\/comments?post=216"}],"version-history":[{"count":20,"href":"https:\/\/atlanticexpats.com\/fr\/wp-json\/wp\/v2\/pages\/216\/revisions"}],"predecessor-version":[{"id":452,"href":"https:\/\/atlanticexpats.com\/fr\/wp-json\/wp\/v2\/pages\/216\/revisions\/452"}],"wp:attachment":[{"href":"https:\/\/atlanticexpats.com\/fr\/wp-json\/wp\/v2\/media?parent=216"}],"curies":[{"name":"wp","href":"https:\/\/api.w.org\/{rel}","templated":true}]}}