{"id":392,"date":"2025-02-21T19:13:25","date_gmt":"2025-02-21T19:13:25","guid":{"rendered":"https:\/\/atlanticexpats.com\/?page_id=392"},"modified":"2025-05-23T10:05:31","modified_gmt":"2025-05-23T10:05:31","slug":"local-guide","status":"publish","type":"page","link":"https:\/\/atlanticexpats.com\/fr\/local-guide\/","title":{"rendered":"Guide Local"},"content":{"rendered":"<link rel=\"stylesheet\" href=\"https:\/\/cdnjs.cloudflare.com\/ajax\/libs\/font-awesome\/5.15.4\/css\/all.min.css\">\n\n\n\n<div class=\"wp-block-group has-global-padding is-layout-constrained wp-block-group-is-layout-constrained\">\n    \n    <h1 class=\"has-text-align-center wp-block-heading\">Choisir le Bon Quartier \u00e0 Hampton Roads<\/h1>\n    \n\n    \n    <p class=\"has-text-align-center intro-text\">Votre guide pour trouver l'endroit parfait o\u00f9 s'installer<\/p>\n    \n\n    \n    <p class=\"has-text-align-center guide-intro\">Chez Atlantic Expats, nous comprenons que s'installer dans un nouveau pays implique de grandes d\u00e9cisions\u2014\u00e0 commencer par choisir le bon quartier. Hampton Roads offre une vari\u00e9t\u00e9 d'options de vie, des centres-villes anim\u00e9s aux paisibles communaut\u00e9s en bord de mer. Voici ce qu'il faut prendre en compte lors de votre choix :<\/p>\n    \n\n    \n    <div class=\"wp-block-group guide-sections has-global-padding is-layout-constrained wp-block-group-is-layout-constrained\">\n        \n        <div class=\"wp-block-group guide-section has-global-padding is-layout-constrained wp-block-group-is-layout-constrained\">\n            \n            <h2 class=\"section-title wp-block-heading\"><i class=\"fas fa-shield-alt\"><\/i> S\u00e9curit\u00e9 &amp; Protection<\/h2>\n            \n\n            \n            <ul class=\"guide-list wp-block-list\">\n                <li><strong>Taux de criminalit\u00e9 :<\/strong> Nous fournissons des donn\u00e9es sur la criminalit\u00e9 sp\u00e9cifiques \u00e0 chaque quartier pour assurer votre tranquillit\u00e9 d'esprit. <a href=\"https:\/\/spotcrime.com\" target=\"_blank\" rel=\"noopener\">Consulter Spotcrime<\/a><\/li>\n                <li><strong>Zones inondables :<\/strong> Avec de nombreuses zones sujettes aux inondations, nous vous guiderons pour comprendre les zones inondables et leur impact sur l'assurance. Consultez <a href=\"https:\/\/msc.fema.gov\" target=\"_blank\" rel=\"noopener\">les cartes d'inondation FEMA<\/a><\/li>\n                <li><strong>Pr\u00e9sence militaire :<\/strong> La proximit\u00e9 des bases comme la Station Navale de Norfolk peut influencer les niveaux de bruit et la dynamique communautaire<\/li>\n            <\/ul>\n            \n        <\/div>\n        \n\n        \n        <div class=\"wp-block-group guide-section has-global-padding is-layout-constrained wp-block-group-is-layout-constrained\">\n            \n            <h2 class=\"section-title wp-block-heading\"><i class=\"fas fa-graduation-cap\"><\/i> \u00c9ducation<\/h2>\n            \n\n            \n            <ul class=\"guide-list wp-block-list\">\n                <li><strong>\u00c9coles les mieux not\u00e9es :<\/strong> Nous vous aidons \u00e0 trouver des quartiers dans les meilleurs districts scolaires, y compris des options pour les \u00e9coles internationales et priv\u00e9es<\/li>\n                <li><strong>Programmes sp\u00e9ciaux :<\/strong> Acc\u00e8s aux programmes IB, aux \u00e9coles d'immersion linguistique et \u00e0 l'\u00e9ducation sp\u00e9cialis\u00e9e<\/li>\n                <li><strong>Universit\u00e9s et facult\u00e9s :<\/strong> Pour les familles avec des enfants plus \u00e2g\u00e9s, consid\u00e9rez la proximit\u00e9 de William &amp; Mary, Old Dominion University et d'autres institutions<\/li>\n            <\/ul>\n            \n\n            \n            <p class=\"subsection-title\"><strong>Outils de recherche d'\u00e9coles :<\/strong><\/p>\n            \n\n            \n            <ul class=\"guide-list wp-block-list\">\n                <li><a href=\"https:\/\/vbcpsdemplan.maps.arcgis.com\/apps\/InformationLookup\/index.html?appid=4c0cb3fe02a944fc971b6bbdc0f1f58c\" target=\"_blank\" rel=\"noopener\">Localisateur d'\u00e9coles de Virginia Beach<\/a><\/li>\n                <li><a href=\"https:\/\/cps-gis.maps.arcgis.com\/apps\/webappviewer\/index.html?id=dc2d6133fa874bfdb9d66ded68ca3cc8\" target=\"_blank\" rel=\"noopener\">Localisateur d'\u00e9coles de Chesapeake<\/a><\/li>\n                <li><a href=\"https:\/\/norfolkjs.gismapsonline.com\/schools\/defaultjs.aspx\" target=\"_blank\" rel=\"noopener\">Localisateur d'\u00e9coles publiques de Norfolk<\/a><\/li>\n            <\/ul>\n            \n        <\/div>\n        \n\n        \n        <div class=\"wp-block-group guide-section has-global-padding is-layout-constrained wp-block-group-is-layout-constrained\">\n            \n            <h2 class=\"section-title wp-block-heading\"><i class=\"fas fa-car\"><\/i> D\u00e9placements &amp; Accessibilit\u00e9<\/h2>\n            \n\n            \n            <ul class=\"guide-list wp-block-list\">\n                <li><strong>Trajet domicile-travail :<\/strong> Nous analysons les temps de trajet, y compris les sch\u00e9mas de circulation sur les principales routes comme l'I-64 et l'I-264<\/li>\n                <li><strong>Transports en commun :<\/strong> Limit\u00e9s mais disponibles (bus HRT, m\u00e9tro l\u00e9ger Tide) pour un acc\u00e8s facile \u00e0 Norfolk et aux zones environnantes<\/li>\n                <li><strong>A\u00e9roports :<\/strong> Acc\u00e8s rapide \u00e0 l'a\u00e9roport international de Norfolk (ORF) pour les voyages internationaux et nationaux<\/li>\n            <\/ul>\n            \n        <\/div>\n        \n\n        \n        <div class=\"wp-block-group guide-section has-global-padding is-layout-constrained wp-block-group-is-layout-constrained\">\n            \n            <h2 class=\"section-title wp-block-heading\"><i class=\"fas fa-umbrella-beach\"><\/i> Commodit\u00e9s &amp; Style de vie<\/h2>\n            \n\n            \n            <ul class=\"guide-list wp-block-list\">\n                <li><strong>Commerces &amp; restaurants :<\/strong> Profitez de zones comme Town Center (Virginia Beach) ou Ghent (Norfolk) pour le shopping, la restauration et les divertissements<\/li>\n                <li><strong>Acc\u00e8s \u00e0 la plage :<\/strong> Vous aimez la plage ? Nous vous trouverons un logement pr\u00e8s de Chick's Beach, East Beach, ou l'un des nombreux autres quartiers<\/li>\n                <li><strong>Activit\u00e9s de plein air :<\/strong> Parcs, marinas, terrains de golf et parcs comme First Landing State Park pour les aventures du week-end<\/li>\n            <\/ul>\n            \n        <\/div>\n        \n\n        \n        <div class=\"wp-block-group guide-section has-global-padding is-layout-constrained wp-block-group-is-layout-constrained\">\n            \n            <h2 class=\"section-title wp-block-heading\"><i class=\"fas fa-home\"><\/i> Ambiance du quartier<\/h2>\n            \n\n            \n            <ul class=\"guide-list wp-block-list\">\n                <li><strong>Familial :<\/strong> Quartiers paisibles comme Great Neck ou Larchmont avec des parcs et des liens communautaires solides<\/li>\n                <li><strong>Vie urbaine :<\/strong> Communaut\u00e9s dynamiques comme Ghent ou le centre-ville de Norfolk pour les jeunes professionnels et les amateurs de ville<\/li>\n                <li><strong>Accueillant pour les animaux :<\/strong> Nous vous aiderons \u00e0 trouver des zones avec des parcs pour chiens et des plages acceptant les animaux<\/li>\n            <\/ul>\n            \n        <\/div>\n        \n\n        \n        <div class=\"wp-block-group guide-section has-global-padding is-layout-constrained wp-block-group-is-layout-constrained\">\n            \n            <h2 class=\"section-title wp-block-heading\"><i class=\"fas fa-hospital\"><\/i> Sant\u00e9 &amp; Bien-\u00eatre<\/h2>\n            \n\n            \n            <ul class=\"guide-list wp-block-list\">\n                <li><strong>Acc\u00e8s aux soins de sant\u00e9 :<\/strong> Proximit\u00e9 des meilleurs h\u00f4pitaux comme Sentara Norfolk General, CHKD et Virginia Beach General<\/li>\n                <li><strong>Centres de bien-\u00eatre :<\/strong> Salles de sport, studios de yoga et services de sant\u00e9 holistique \u00e0 proximit\u00e9<\/li>\n                <li><strong>Espaces ext\u00e9rieurs :<\/strong> Acc\u00e8s \u00e0 des sentiers de randonn\u00e9e, des pistes cyclables et des espaces verts pour un mode de vie actif<\/li>\n            <\/ul>\n            \n        <\/div>\n        \n\n        \n        <div class=\"wp-block-group guide-section has-global-padding is-layout-constrained wp-block-group-is-layout-constrained\">\n            \n            <h2 class=\"section-title wp-block-heading\"><i class=\"fas fa-dollar-sign\"><\/i> March\u00e9 immobilier &amp; Accessibilit\u00e9 financi\u00e8re<\/h2>\n            \n\n            \n            <ul class=\"guide-list wp-block-list\">\n                <li><strong>Tendances locatives :<\/strong> Nous vous tenons inform\u00e9 des prix de location et de la disponibilit\u00e9 dans les meilleurs quartiers<\/li>\n                <li><strong>Conseils pour acheteurs :<\/strong> Besoin d'acheter ? Nous fournissons des conseils sur les taxes fonci\u00e8res, les frais de copropri\u00e9t\u00e9 et les meilleures zones pour la valeur d'investissement<\/li>\n                <li><strong>Conseils en assurance :<\/strong> Particuli\u00e8rement dans les zones sujettes aux inondations, nous vous aiderons \u00e0 comprendre les exigences en mati\u00e8re d'assurance inondation<\/li>\n            <\/ul>\n            \n        <\/div>\n        \n\n        \n        <div class=\"wp-block-group guide-section has-global-padding is-layout-constrained wp-block-group-is-layout-constrained\">\n            \n            <h2 class=\"section-title wp-block-heading\"><i class=\"fas fa-bolt\"><\/i> Services publics &amp; Services<\/h2>\n            \n\n            \n            <ul class=\"guide-list wp-block-list\">\n                <li><strong>Internet fiable :<\/strong> Nous savons \u00e0 quel point c'est important\u2014attendez-vous \u00e0 un internet rapide et fiable avec Cox ou Verizon Fios<\/li>\n                <li><strong>Services publics :<\/strong> Assistance pour l'installation de l'eau, de l'\u00e9lectricit\u00e9, la collecte des d\u00e9chets et les services de recyclage<\/li>\n                <li><strong>Co\u00fbts \u00e9nerg\u00e9tiques :<\/strong> Nous fournissons des estimations sur les co\u00fbts des services publics pour \u00e9viter les surprises<\/li>\n            <\/ul>\n            \n        <\/div>\n        \n\n        \n        <div class=\"wp-block-group guide-section has-global-padding is-layout-constrained wp-block-group-is-layout-constrained\">\n            \n            <h2 class=\"section-title wp-block-heading\"><i class=\"fas fa-tree\"><\/i> Facteurs environnementaux<\/h2>\n            \n\n            \n            <ul class=\"guide-list wp-block-list\">\n                <li><strong>Inondations &amp; ouragans :<\/strong> Nous vous guidons \u00e0 travers les zones d'\u00e9vacuation et vous aidons \u00e0 comprendre la pr\u00e9paration aux urgences locales<\/li>\n                <li><strong>Qualit\u00e9 de l'air &amp; de l'eau :<\/strong> Hampton Roads offre g\u00e9n\u00e9ralement une bonne qualit\u00e9 d'air et d'eau, avec de nombreux espaces verts<\/li>\n                <li><strong>Espaces verts :<\/strong> Acc\u00e8s \u00e0 des r\u00e9serves naturelles comme Back Bay National Wildlife Refuge pour les amateurs de plein air<\/li>\n            <\/ul>\n            \n        <\/div>\n        \n\n        \n        <div class=\"wp-block-group guide-section has-global-padding is-layout-constrained wp-block-group-is-layout-constrained\">\n            \n            <h2 class=\"section-title wp-block-heading\"><i class=\"fas fa-clipboard-list\"><\/i> R\u00e9glementations locales &amp; Essentiels pour expatri\u00e9s<\/h2>\n            \n\n            \n            <ul class=\"guide-list wp-block-list\">\n                <li><strong>Politiques concernant les animaux :<\/strong> Nous vous aiderons \u00e0 comprendre les lois sur les laisses, les restrictions de race et o\u00f9 les animaux sont autoris\u00e9s<\/li>\n                <li><strong>Locations \u00e0 court terme :<\/strong> Si vous cherchez d'abord un logement temporaire, nous vous expliquerons les r\u00e9glementations locales de location<\/li>\n                <li><strong>Adaptation culturelle :<\/strong> Nous vous mettons en relation avec les communaut\u00e9s locales d'expatri\u00e9s et vous aidons avec un coaching culturel<\/li>\n                <li><strong>Bureau des v\u00e9hicules motoris\u00e9s &amp; conduite :<\/strong> Assistance pour la conversion du permis de conduire, l'immatriculation des v\u00e9hicules et la compr\u00e9hension des lois locales de conduite<\/li>\n            <\/ul>\n            \n        <\/div>\n        \n    <\/div>\n    \n\n    \n    <p class=\"has-text-align-center guide-footer\">\ud83d\udddd Atlantic Expats \u2013 Relocation With Heart<\/p>\n    \n<\/div>","protected":false},"excerpt":{"rendered":"<p>Choosing the Right Neighborhood in Hampton Roads Your guide to finding the perfect place to call home At Atlantic Expats, we understand that relocating to a new country comes with big decisions\u2014starting with choosing the right neighborhood. Hampton Roads offers a variety of living options, from bustling city centers to peaceful beachside communities. Here&#8217;s what &hellip; <\/p>\n<p class=\"link-more\"><a href=\"https:\/\/atlanticexpats.com\/fr\/local-guide\/\" class=\"more-link\">Lire la suite de<span class=\"screen-reader-text\">\u00ab\u00a0Local Guide\u00a0\u00bb<\/span><\/a><\/p>","protected":false},"author":2,"featured_media":0,"parent":0,"menu_order":0,"comment_status":"closed","ping_status":"closed","template":"page-templates\/no-title.php","meta":{"inspiro_hide_title":false,"footnotes":""},"class_list":["post-392","page","type-page","status-publish","hentry"],"aioseo_notices":[],"_links":{"self":[{"href":"https:\/\/atlanticexpats.com\/fr\/wp-json\/wp\/v2\/pages\/392","targetHints":{"allow":["GET"]}}],"collection":[{"href":"https:\/\/atlanticexpats.com\/fr\/wp-json\/wp\/v2\/pages"}],"about":[{"href":"https:\/\/atlanticexpats.com\/fr\/wp-json\/wp\/v2\/types\/page"}],"author":[{"embeddable":true,"href":"https:\/\/atlanticexpats.com\/fr\/wp-json\/wp\/v2\/users\/2"}],"replies":[{"embeddable":true,"href":"https:\/\/atlanticexpats.com\/fr\/wp-json\/wp\/v2\/comments?post=392"}],"version-history":[{"count":4,"href":"https:\/\/atlanticexpats.com\/fr\/wp-json\/wp\/v2\/pages\/392\/revisions"}],"predecessor-version":[{"id":487,"href":"https:\/\/atlanticexpats.com\/fr\/wp-json\/wp\/v2\/pages\/392\/revisions\/487"}],"wp:attachment":[{"href":"https:\/\/atlanticexpats.com\/fr\/wp-json\/wp\/v2\/media?parent=392"}],"curies":[{"name":"wp","href":"https:\/\/api.w.org\/{rel}","templated":true}]}}