{"id":53,"date":"2024-04-30T23:30:43","date_gmt":"2024-04-30T23:30:43","guid":{"rendered":"https:\/\/www.atlanticexpats.com\/?page_id=53"},"modified":"2025-05-23T10:17:46","modified_gmt":"2025-05-23T10:17:46","slug":"services","status":"publish","type":"page","link":"https:\/\/atlanticexpats.com\/fr\/services\/","title":{"rendered":"Services"},"content":{"rendered":"<div class=\"wp-block-group has-global-padding is-layout-constrained wp-block-group-is-layout-constrained\">\n<h1 class=\"wp-block-heading has-text-align-center\">Nos Services<\/h1>\n\n\n\n<figure class=\"wp-block-image aligncenter ann-profile-image\">\n    <img decoding=\"async\" src=\"https:\/\/atlanticexpats.com\/wp-content\/uploads\/2025\/05\/WhatsApp-Image-2025-05-14-at-20.01.54_a01fc8a9-683x1024.jpg\" \n         alt=\"Ann Vissenaeken - Founder of Atlantic Expats\" \n         class=\"wp-image-77\"\/>\n<\/figure>\n\n\n\n<p class=\"has-text-align-center intro-text\" style=\"margin-top:30px;margin-bottom:40px\">Chez <strong>Atlantic Expats<\/strong>, nous vous guidons \u00e0 chaque \u00e9tape de votre d\u00e9m\u00e9nagement\u2014depuis la r\u00e9ception de la nouvelle, pendant votre relocalisation, et m\u00eame lorsqu'il est temps de rentrer chez vous. Voici une liste non exhaustive de nos services d'assistance :<\/p>\n\n\n\n<div class=\"wp-block-columns services-grid is-layout-flex wp-container-core-columns-is-layout-1 wp-block-columns-is-layout-flex\">\n<div class=\"wp-block-column is-layout-flow wp-block-column-is-layout-flow\">\n<div class=\"wp-block-group service-box has-global-padding is-layout-constrained wp-block-group-is-layout-constrained\">\n<h3 class=\"wp-block-heading\">Pr\u00e9paration Pr\u00e9-D\u00e9m\u00e9nagement<\/h3>\n\n\n\n<ul class=\"wp-block-list package-features\">\n<li>Consultation personnalis\u00e9e pour discuter en d\u00e9tail de votre relocalisation<\/li>\n\n\n\n<li>Conseils sur les t\u00e2ches \u00e0 effectuer dans votre pays d'origine<\/li>\n\n\n\n<li>Recherche de votre maison id\u00e9ale<\/li>\n\n\n\n<li>Conseils pour d\u00e9m\u00e9nager avec enfants et animaux<\/li>\n\n\n\n<li>Accompagnement culturel pour une transition en douceur<\/li>\n\n\n\n<li>Soutien \u00e9motionnel tout au long du processus<\/li>\n\n\n\n<li>Aide \u00e0 la coordination du d\u00e9m\u00e9nagement<\/li>\n<\/ul>\n<\/div>\n<\/div>\n\n\n\n<div class=\"wp-block-column is-layout-flow wp-block-column-is-layout-flow\">\n<div class=\"wp-block-group service-box has-global-padding is-layout-constrained wp-block-group-is-layout-constrained\">\n<h3 class=\"wp-block-heading\">Pendant le D\u00e9m\u00e9nagement<\/h3>\n\n\n\n<ul class=\"wp-block-list package-features\">\n<li>Finalisation de votre contrat de location<\/li>\n\n\n\n<li>Explication simplifi\u00e9e de votre bail<\/li>\n\n\n\n<li>Conseils en assurance (habitation, voiture, sant\u00e9, etc.)<\/li>\n\n\n\n<li>Assistance \u00e0 l'achat de voiture<\/li>\n\n\n\n<li>Ouverture de votre compte bancaire am\u00e9ricain<\/li>\n\n\n\n<li>Recherche des meilleures \u00e9coles ou solutions de garde d'enfants<\/li>\n\n\n\n<li>Aper\u00e7u et conseils sur le syst\u00e8me universitaire am\u00e9ricain<\/li>\n<\/ul>\n<\/div>\n<\/div>\n\n\n\n<div class=\"wp-block-column is-layout-flow wp-block-column-is-layout-flow\">\n<div class=\"wp-block-group service-box has-global-padding is-layout-constrained wp-block-group-is-layout-constrained\">\n<h3 class=\"wp-block-heading\">Assistance Post-Arriv\u00e9e<\/h3>\n\n\n\n<ul class=\"wp-block-list package-features\">\n<li>Assistance au DMV (permis de conduire et immatriculation)<\/li>\n\n\n\n<li>Aide pour le logement temporaire et l'ameublement<\/li>\n\n\n\n<li>Soutien pour l'adaptation \u00e0 la vie am\u00e9ricaine<\/li>\n<\/ul>\n<\/div>\n<\/div>\n<\/div>\n\n\n\n<div style=\"height:60px\" aria-hidden=\"true\" class=\"wp-block-spacer\"><\/div>\n\n\n\n<h2 class=\"wp-block-heading has-text-align-center\">Nos Forfaits<\/h2>\n\n\n\n<div class=\"wp-block-columns package-grid is-layout-flex wp-container-core-columns-is-layout-2 wp-block-columns-is-layout-flex\">\n<div class=\"wp-block-column is-layout-flow wp-block-column-is-layout-flow\">\n<div class=\"wp-block-group package-card silver has-global-padding is-layout-constrained wp-block-group-is-layout-constrained\">\n<h3 class=\"wp-block-heading has-text-align-center\">Argent<\/h3>\n\n\n\n<p class=\"has-text-align-center package-subtitle\">Recherche de Logement<\/p>\n\n\n\n<ul class=\"wp-block-list package-features\">\n<li>Consultation en ligne<\/li>\n\n\n\n<li>Recherche de logement et assistance \u00e0 la location<\/li>\n\n\n\n<li>Ouverture de compte bancaire<\/li>\n\n\n\n<li>Installation des services publics<\/li>\n<\/ul>\n<\/div>\n<\/div>\n\n\n\n<div class=\"wp-block-column is-layout-flow wp-block-column-is-layout-flow\">\n<div class=\"wp-block-group package-card gold has-global-padding is-layout-constrained wp-block-group-is-layout-constrained\">\n<h3 class=\"wp-block-heading has-text-align-center\">Or<\/h3>\n\n\n\n<p class=\"has-text-align-center package-subtitle\">Argent + Services Suppl\u00e9mentaires<\/p>\n\n\n\n<ul class=\"wp-block-list package-features\">\n<li>Tout ce qui est inclus dans l'Argent<\/li>\n\n\n\n<li>Assistance pour le logement temporaire et l'ameublement<\/li>\n\n\n\n<li>Assistance personnelle pour les services essentiels (assurance, \u00e9coles, DMV, et plus)<\/li>\n<\/ul>\n<\/div>\n<\/div>\n\n\n\n<div class=\"wp-block-column is-layout-flow wp-block-column-is-layout-flow\">\n<div class=\"wp-block-group package-card platinum featured has-global-padding is-layout-constrained wp-block-group-is-layout-constrained\">\n<h3 class=\"wp-block-heading has-text-align-center\">Platine<\/h3>\n\n\n\n<p class=\"has-text-align-center package-subtitle\">Service Premium Tout Inclus<\/p>\n\n\n\n<ul class=\"wp-block-list package-features\">\n<li>Tout ce qui est inclus dans l'Or<\/li>\n\n\n\n<li>Accueil \u00e0 l'a\u00e9roport<\/li>\n\n\n\n<li>Support conciergerie pour tout le processus de relocalisation (jusqu'\u00e0 2 mois apr\u00e8s le d\u00e9m\u00e9nagement)<\/li>\n\n\n\n<li>Accompagnement culturel et soutien \u00e9motionnel<\/li>\n<\/ul>\n<\/div>\n<\/div>\n<\/div>\n\n\n\n<p class=\"has-text-align-center free-consultation-note has-small-font-size\"><em>First consultation is free of charge for all our packages. Decide afterward if you&#8217;d like to continue.<\/em><\/p>\n\n\n\n<div style=\"height:60px\" aria-hidden=\"true\" class=\"wp-block-spacer\"><\/div>\n\n\n\n<div class=\"wp-block-group a-la-carte-section has-global-padding is-layout-constrained wp-block-group-is-layout-constrained\">\n<h2 class=\"wp-block-heading has-text-align-center\">Services <p><span style=\"font-family: 'Brush Script MT', cursive; text-transform: none;\">\u00e0 la carte<\/span><\/p><\/h2>\n\n\n\n<p class=\"has-text-align-center intro-text\">Besoin de quelque chose de sp\u00e9cifique ? Vous pouvez personnaliser votre forfait de relocalisation !<\/p>\n\n\n\n<div class=\"wp-block-columns a-la-carte-grid is-layout-flex wp-container-core-columns-is-layout-3 wp-block-columns-is-layout-flex\">\n<div class=\"wp-block-column is-layout-flow wp-block-column-is-layout-flow\">\n<div class=\"wp-block-group service-box has-global-padding is-layout-constrained wp-block-group-is-layout-constrained\">\n<h3 class=\"wp-block-heading\">Pour les Expatri\u00e9s<\/h3>\n\n\n\n<ul class=\"wp-block-list package-features\">\n<li>Visites de maisons<\/li>\n\n\n\n<li>Recherche d'\u00e9coles<\/li>\n<\/ul>\n<\/div>\n<\/div>\n\n\n\n<div class=\"wp-block-column is-layout-flow wp-block-column-is-layout-flow\">\n<div class=\"wp-block-group service-box has-global-padding is-layout-constrained wp-block-group-is-layout-constrained\">\n<h3 class=\"wp-block-heading\">Pour les Propri\u00e9taires<\/h3>\n\n\n\n<ul class=\"wp-block-list package-features\">\n<li>Recherche de locataires pour votre bien<\/li>\n\n\n\n<li>Gestion locative (en collaboration avec l'agence Mkddy Property Management LLC)<\/li>\n<\/ul>\n<\/div>\n<\/div>\n<\/div>\n<\/div>\n<\/div>","protected":false},"excerpt":{"rendered":"<p>Our Services At Atlantic Expats, we guide you through every step of your move\u2014starting from when you receive the news, through your relocation, and even when it&#8217;s time to return home. Below is a non-exhaustive list of how we can assist you: Pre-Move Preparation During the Move Post-Arrival Support Our Packages Silver Home Finding Gold &hellip; <\/p>\n<p class=\"link-more\"><a href=\"https:\/\/atlanticexpats.com\/fr\/services\/\" class=\"more-link\">Lire la suite de<span class=\"screen-reader-text\">\u00ab\u00a0Services\u00a0\u00bb<\/span><\/a><\/p>","protected":false},"author":1,"featured_media":0,"parent":0,"menu_order":0,"comment_status":"closed","ping_status":"closed","template":"page-templates\/no-title.php","meta":{"inspiro_hide_title":false,"footnotes":""},"class_list":["post-53","page","type-page","status-publish","hentry"],"aioseo_notices":[],"_links":{"self":[{"href":"https:\/\/atlanticexpats.com\/fr\/wp-json\/wp\/v2\/pages\/53","targetHints":{"allow":["GET"]}}],"collection":[{"href":"https:\/\/atlanticexpats.com\/fr\/wp-json\/wp\/v2\/pages"}],"about":[{"href":"https:\/\/atlanticexpats.com\/fr\/wp-json\/wp\/v2\/types\/page"}],"author":[{"embeddable":true,"href":"https:\/\/atlanticexpats.com\/fr\/wp-json\/wp\/v2\/users\/1"}],"replies":[{"embeddable":true,"href":"https:\/\/atlanticexpats.com\/fr\/wp-json\/wp\/v2\/comments?post=53"}],"version-history":[{"count":42,"href":"https:\/\/atlanticexpats.com\/fr\/wp-json\/wp\/v2\/pages\/53\/revisions"}],"predecessor-version":[{"id":494,"href":"https:\/\/atlanticexpats.com\/fr\/wp-json\/wp\/v2\/pages\/53\/revisions\/494"}],"wp:attachment":[{"href":"https:\/\/atlanticexpats.com\/fr\/wp-json\/wp\/v2\/media?parent=53"}],"curies":[{"name":"wp","href":"https:\/\/api.w.org\/{rel}","templated":true}]}}